{"id":107,"date":"2026-04-12T20:06:45","date_gmt":"2026-04-12T20:06:45","guid":{"rendered":"https:\/\/verite-interdite.fr\/?post_type=product&#038;p=107"},"modified":"2026-04-12T22:11:50","modified_gmt":"2026-04-12T22:11:50","slug":"analyse-complete","status":"publish","type":"product","link":"https:\/\/verite-interdite.fr\/index.php\/produit\/analyse-complete\/","title":{"rendered":"Analyse compl\u00e8te"},"content":{"rendered":"<h2 data-section-id=\"1moe4fz\" data-start=\"184\" data-end=\"220\">\ud83d\udd2e Analyse compl\u00e8te personnalis\u00e9e<\/h2>\n<p data-start=\"222\" data-end=\"261\">Ce que vous avez v\u00e9cu n\u2019est pas anodin.<\/p>\n<p data-start=\"263\" data-end=\"433\">Certaines exp\u00e9riences ne peuvent pas \u00eatre expliqu\u00e9es simplement.<br data-start=\"327\" data-end=\"330\" \/>Des sensations. Des impressions. Des \u00e9v\u00e9nements qui semblent\u2026 trop pr\u00e9cis pour \u00eatre le fruit du hasard.<\/p>\n<p data-start=\"435\" data-end=\"516\">\ud83d\udc49 Cette analyse va vous permettre de mieux comprendre ce que vous avez ressenti.<\/p>\n<hr data-start=\"518\" data-end=\"521\" \/>\n<h2 data-section-id=\"1c6ekdh\" data-start=\"523\" data-end=\"558\">\ud83d\udd0d Ce que contient votre analyse<\/h2>\n<p data-start=\"560\" data-end=\"597\">Apr\u00e8s votre acc\u00e8s, vous d\u00e9couvrirez :<\/p>\n<ul data-start=\"599\" data-end=\"862\">\n<li data-section-id=\"1t82iga\" data-start=\"599\" data-end=\"657\">une <strong data-start=\"605\" data-end=\"635\">interpr\u00e9tation approfondie<\/strong> de votre exp\u00e9rience<\/li>\n<li data-section-id=\"fow1q5\" data-start=\"658\" data-end=\"707\">une <strong data-start=\"664\" data-end=\"705\">lecture de votre niveau de perception<\/strong><\/li>\n<li data-section-id=\"1tapm52\" data-start=\"708\" data-end=\"788\">une analyse des <strong data-start=\"726\" data-end=\"786\">signaux faibles que vous captez sans en avoir conscience<\/strong><\/li>\n<li data-section-id=\"dzvu4l\" data-start=\"789\" data-end=\"862\">des \u00e9l\u00e9ments qui permettent de comprendre <strong data-start=\"833\" data-end=\"862\">pourquoi cela vous arrive<\/strong><\/li>\n<\/ul>\n<hr data-start=\"864\" data-end=\"867\" \/>\n<h2 data-section-id=\"1b78ga4\" data-start=\"869\" data-end=\"884\">\u26a0\ufe0f Important<\/h2>\n<p data-start=\"886\" data-end=\"946\">Certaines personnes pr\u00e9sentent une sensibilit\u00e9 particuli\u00e8re.<\/p>\n<p data-start=\"948\" data-end=\"975\">Cela peut se traduire par :<\/p>\n<ul data-start=\"977\" data-end=\"1086\">\n<li data-section-id=\"1z38o\" data-start=\"977\" data-end=\"1009\">des sensations inhabituelles<\/li>\n<li data-section-id=\"1krjdmn\" data-start=\"1010\" data-end=\"1043\">une impression d\u2019\u00eatre observ\u00e9<\/li>\n<li data-section-id=\"wthcs4\" data-start=\"1044\" data-end=\"1086\">des exp\u00e9riences difficiles \u00e0 expliquer<\/li>\n<\/ul>\n<p data-start=\"1088\" data-end=\"1159\">\ud83d\udc49 Cette analyse vous aide \u00e0 mettre des mots sur ce que vous avez v\u00e9cu.<\/p>\n<hr data-start=\"1161\" data-end=\"1164\" \/>\n<h3 data-section-id=\"1e8bzra\" data-start=\"1021\" data-end=\"1048\">\ud83d\udd10 Acc\u00e8s apr\u00e8s paiement<\/h3>\n<p data-start=\"1050\" data-end=\"1072\">Apr\u00e8s votre paiement :<\/p>\n<ol data-start=\"1074\" data-end=\"1209\">\n<li data-section-id=\"1c87uzb\" data-start=\"1074\" data-end=\"1115\">votre acc\u00e8s est activ\u00e9 imm\u00e9diatement<\/li>\n<li data-section-id=\"j7s93c\" data-start=\"1116\" data-end=\"1157\">vous \u00eates redirig\u00e9 vers votre espace<\/li>\n<li data-section-id=\"1ses4p0\" data-start=\"1158\" data-end=\"1209\">vous pouvez lancer votre analyse personnalis\u00e9e<\/li>\n<\/ol>\n<hr data-start=\"1284\" data-end=\"1287\" \/>\n<h2 data-section-id=\"db9sri\" data-start=\"1289\" data-end=\"1305\">\ud83d\udcac Pour qui ?<\/h2>\n<p data-start=\"1307\" data-end=\"1345\">Cette analyse est faite pour vous si :<\/p>\n<ul data-start=\"1347\" data-end=\"1506\">\n<li data-section-id=\"mqpu2n\" data-start=\"1347\" data-end=\"1393\">vous avez d\u00e9j\u00e0 v\u00e9cu une exp\u00e9rience \u00e9trange<\/li>\n<li data-section-id=\"1nr873w\" data-start=\"1394\" data-end=\"1446\">vous ressentez des choses difficiles \u00e0 expliquer<\/li>\n<li data-section-id=\"19c8lfq\" data-start=\"1447\" data-end=\"1506\">vous avez l\u2019impression que \u201cquelque chose\u201d vous \u00e9chappe<\/li>\n<\/ul>\n<hr data-start=\"1508\" data-end=\"1511\" \/>\n<h2 data-section-id=\"1eswuy8\" data-start=\"1513\" data-end=\"1529\">\ud83d\udd12 Discr\u00e9tion<\/h2>\n<p data-start=\"1531\" data-end=\"1578\">Votre analyse reste strictement confidentielle<\/p>\n<ul>\n<li data-section-id=\"1qta15d\" data-start=\"1345\" data-end=\"1369\">\u2714\ufe0f Paiement s\u00e9curis\u00e9<\/li>\n<li data-section-id=\"1dbggcx\" data-start=\"1370\" data-end=\"1391\">\u2714\ufe0f Acc\u00e8s imm\u00e9diat<\/li>\n<li data-section-id=\"60qn55\" data-start=\"1392\" data-end=\"1421\">\u2714\ufe0f Exp\u00e9rience interactive<\/li>\n<\/ul>\n<hr data-start=\"908\" data-end=\"911\" \/>\n","protected":false},"excerpt":{"rendered":"<p>\ud83d\udd2e Analyse compl\u00e8te personnalis\u00e9e Ce que vous avez v\u00e9cu n\u2019est pas anodin. Certaines exp\u00e9riences ne peuvent pas \u00eatre expliqu\u00e9es simplement.Des [&hellip;]<\/p>\n","protected":false},"featured_media":108,"template":"","meta":{"site-sidebar-layout":"default","site-content-layout":"","ast-site-content-layout":"default","site-content-style":"default","site-sidebar-style":"default","ast-global-header-display":"","ast-banner-title-visibility":"","ast-main-header-display":"","ast-hfb-above-header-display":"","ast-hfb-below-header-display":"","ast-hfb-mobile-header-display":"","site-post-title":"","ast-breadcrumbs-content":"","ast-featured-img":"","footer-sml-layout":"","ast-disable-related-posts":"","theme-transparent-header-meta":"default","adv-header-id-meta":"","stick-header-meta":"","header-above-stick-meta":"","header-main-stick-meta":"","header-below-stick-meta":"","astra-migrate-meta-layouts":"set","ast-page-background-enabled":"default","ast-page-background-meta":{"desktop":{"background-color":"var(--ast-global-color-5)","background-image":"","background-repeat":"repeat","background-position":"center center","background-size":"auto","background-attachment":"scroll","background-type":"","background-media":"","overlay-type":"","overlay-color":"","overlay-opacity":"","overlay-gradient":""},"tablet":{"background-color":"","background-image":"","background-repeat":"repeat","background-position":"center center","background-size":"auto","background-attachment":"scroll","background-type":"","background-media":"","overlay-type":"","overlay-color":"","overlay-opacity":"","overlay-gradient":""},"mobile":{"background-color":"","background-image":"","background-repeat":"repeat","background-position":"center center","background-size":"auto","background-attachment":"scroll","background-type":"","background-media":"","overlay-type":"","overlay-color":"","overlay-opacity":"","overlay-gradient":""}},"ast-content-background-meta":{"desktop":{"background-color":"var(--ast-global-color-4)","background-image":"","background-repeat":"repeat","background-position":"center center","background-size":"auto","background-attachment":"scroll","background-type":"","background-media":"","overlay-type":"","overlay-color":"","overlay-opacity":"","overlay-gradient":""},"tablet":{"background-color":"var(--ast-global-color-4)","background-image":"","background-repeat":"repeat","background-position":"center center","background-size":"auto","background-attachment":"scroll","background-type":"","background-media":"","overlay-type":"","overlay-color":"","overlay-opacity":"","overlay-gradient":""},"mobile":{"background-color":"var(--ast-global-color-4)","background-image":"","background-repeat":"repeat","background-position":"center center","background-size":"auto","background-attachment":"scroll","background-type":"","background-media":"","overlay-type":"","overlay-color":"","overlay-opacity":"","overlay-gradient":""}}},"product_brand":[],"product_cat":[17],"product_tag":[],"class_list":{"0":"post-107","1":"product","2":"type-product","3":"status-publish","4":"has-post-thumbnail","6":"product_cat-non-classe","7":"desktop-align-left","8":"tablet-align-left","9":"mobile-align-left","11":"first","12":"instock","13":"downloadable","14":"virtual","15":"purchasable","16":"product-type-simple"},"_links":{"self":[{"href":"https:\/\/verite-interdite.fr\/index.php\/wp-json\/wp\/v2\/product\/107","targetHints":{"allow":["GET"]}}],"collection":[{"href":"https:\/\/verite-interdite.fr\/index.php\/wp-json\/wp\/v2\/product"}],"about":[{"href":"https:\/\/verite-interdite.fr\/index.php\/wp-json\/wp\/v2\/types\/product"}],"wp:featuredmedia":[{"embeddable":true,"href":"https:\/\/verite-interdite.fr\/index.php\/wp-json\/wp\/v2\/media\/108"}],"wp:attachment":[{"href":"https:\/\/verite-interdite.fr\/index.php\/wp-json\/wp\/v2\/media?parent=107"}],"wp:term":[{"taxonomy":"product_brand","embeddable":true,"href":"https:\/\/verite-interdite.fr\/index.php\/wp-json\/wp\/v2\/product_brand?post=107"},{"taxonomy":"product_cat","embeddable":true,"href":"https:\/\/verite-interdite.fr\/index.php\/wp-json\/wp\/v2\/product_cat?post=107"},{"taxonomy":"product_tag","embeddable":true,"href":"https:\/\/verite-interdite.fr\/index.php\/wp-json\/wp\/v2\/product_tag?post=107"}],"curies":[{"name":"wp","href":"https:\/\/api.w.org\/{rel}","templated":true}]}}