{"id":85,"date":"2026-04-12T18:40:40","date_gmt":"2026-04-12T18:40:40","guid":{"rendered":"http:\/\/verite-interdite.fr\/?page_id=85"},"modified":"2026-04-12T21:20:50","modified_gmt":"2026-04-12T21:20:50","slug":"85-2","status":"publish","type":"page","link":"https:\/\/verite-interdite.fr\/index.php\/85-2\/","title":{"rendered":"Votre acc\u00e8s a \u00e9t\u00e9 activ\u00e9."},"content":{"rendered":"\n<p><\/p>\n\n\n\n<p>D\u00e9crivez maintenant votre exp\u00e9rience pour lancer l\u2019analyse.<\/p>\n\n\n\n<p>Votre analyse est bas\u00e9e sur votre description personnelle.<br>Chaque r\u00e9ponse est adapt\u00e9e \u00e0 votre profil.<\/p>\n\n\n\n\n\n<p>\u26a0\ufe0f L\u2019analyse se fait en quelques \u00e9changes seulement.<\/p>\n\n\n\n<p>L\u2019analyse est limit\u00e9e \u00e0 quelques \u00e9changes.<br>Pour approfondir, une nouvelle session peut \u00eatre n\u00e9cessaire.<\/p>\n\n\n\n<p><a href=\"https:\/\/verite-interdite.fr\/index.php\/produit\/analyse-complete\/\" data-type=\"link\" data-id=\"https:\/\/verite-interdite.fr\/index.php\/produit\/analyse-complete\/\">Relancer une analyse compl\u00e8te<\/a><\/p>\n\n\n\n<p><\/p>\n","protected":false},"excerpt":{"rendered":"<p>D\u00e9crivez maintenant votre exp\u00e9rience pour lancer l\u2019analyse. Votre analyse est bas\u00e9e sur votre description personnelle.Chaque r\u00e9ponse est adapt\u00e9e \u00e0 votre [&hellip;]<\/p>\n","protected":false},"author":1,"featured_media":108,"parent":0,"menu_order":0,"comment_status":"closed","ping_status":"closed","template":"","meta":{"site-sidebar-layout":"default","site-content-layout":"","ast-site-content-layout":"default","site-content-style":"default","site-sidebar-style":"default","ast-global-header-display":"","ast-banner-title-visibility":"","ast-main-header-display":"","ast-hfb-above-header-display":"","ast-hfb-below-header-display":"","ast-hfb-mobile-header-display":"","site-post-title":"","ast-breadcrumbs-content":"","ast-featured-img":"","footer-sml-layout":"","ast-disable-related-posts":"","theme-transparent-header-meta":"","adv-header-id-meta":"","stick-header-meta":"","header-above-stick-meta":"","header-main-stick-meta":"","header-below-stick-meta":"","astra-migrate-meta-layouts":"default","ast-page-background-enabled":"default","ast-page-background-meta":{"desktop":{"background-color":"var(--ast-global-color-5)","background-image":"","background-repeat":"repeat","background-position":"center center","background-size":"auto","background-attachment":"scroll","background-type":"","background-media":"","overlay-type":"","overlay-color":"","overlay-opacity":"","overlay-gradient":""},"tablet":{"background-color":"","background-image":"","background-repeat":"repeat","background-position":"center center","background-size":"auto","background-attachment":"scroll","background-type":"","background-media":"","overlay-type":"","overlay-color":"","overlay-opacity":"","overlay-gradient":""},"mobile":{"background-color":"","background-image":"","background-repeat":"repeat","background-position":"center center","background-size":"auto","background-attachment":"scroll","background-type":"","background-media":"","overlay-type":"","overlay-color":"","overlay-opacity":"","overlay-gradient":""}},"ast-content-background-meta":{"desktop":{"background-color":"var(--ast-global-color-4)","background-image":"","background-repeat":"repeat","background-position":"center center","background-size":"auto","background-attachment":"scroll","background-type":"","background-media":"","overlay-type":"","overlay-color":"","overlay-opacity":"","overlay-gradient":""},"tablet":{"background-color":"var(--ast-global-color-4)","background-image":"","background-repeat":"repeat","background-position":"center center","background-size":"auto","background-attachment":"scroll","background-type":"","background-media":"","overlay-type":"","overlay-color":"","overlay-opacity":"","overlay-gradient":""},"mobile":{"background-color":"var(--ast-global-color-4)","background-image":"","background-repeat":"repeat","background-position":"center center","background-size":"auto","background-attachment":"scroll","background-type":"","background-media":"","overlay-type":"","overlay-color":"","overlay-opacity":"","overlay-gradient":""}},"footnotes":""},"class_list":["post-85","page","type-page","status-publish","has-post-thumbnail","hentry"],"_links":{"self":[{"href":"https:\/\/verite-interdite.fr\/index.php\/wp-json\/wp\/v2\/pages\/85","targetHints":{"allow":["GET"]}}],"collection":[{"href":"https:\/\/verite-interdite.fr\/index.php\/wp-json\/wp\/v2\/pages"}],"about":[{"href":"https:\/\/verite-interdite.fr\/index.php\/wp-json\/wp\/v2\/types\/page"}],"author":[{"embeddable":true,"href":"https:\/\/verite-interdite.fr\/index.php\/wp-json\/wp\/v2\/users\/1"}],"replies":[{"embeddable":true,"href":"https:\/\/verite-interdite.fr\/index.php\/wp-json\/wp\/v2\/comments?post=85"}],"version-history":[{"count":15,"href":"https:\/\/verite-interdite.fr\/index.php\/wp-json\/wp\/v2\/pages\/85\/revisions"}],"predecessor-version":[{"id":129,"href":"https:\/\/verite-interdite.fr\/index.php\/wp-json\/wp\/v2\/pages\/85\/revisions\/129"}],"wp:featuredmedia":[{"embeddable":true,"href":"https:\/\/verite-interdite.fr\/index.php\/wp-json\/wp\/v2\/media\/108"}],"wp:attachment":[{"href":"https:\/\/verite-interdite.fr\/index.php\/wp-json\/wp\/v2\/media?parent=85"}],"curies":[{"name":"wp","href":"https:\/\/api.w.org\/{rel}","templated":true}]}}